{"id":532,"date":"2023-07-24T08:19:39","date_gmt":"2023-07-24T08:19:39","guid":{"rendered":"https:\/\/skinthinks.com\/blog\/?page_id=532"},"modified":"2023-07-24T08:36:54","modified_gmt":"2023-07-24T08:36:54","slug":"politica-de-cookies","status":"publish","type":"page","link":"https:\/\/www.skinthinks.com\/blog\/politica-de-cookies\/","title":{"rendered":"Pol\u00edtica de Cookies"},"content":{"rendered":"\n<p><strong>1. \u00bfQue son las Cookies?<\/strong><\/p>\n\n\n\n<p>Una \u201ccookie\u201d es un fichero de datos escrito en el disco duro del ordenador de un usuario por parte de un sitio web que lo identifica ante \u00e9ste y le permite recordarlo, personalizar sus preferencias o eliminar la necesidad de rellenar formularios o datos en futuras visitas. Tambi\u00e9n permite a un sitio Web o compa\u00f1\u00edas de publicidad a monitorizar el patr\u00f3n o comportamiento de navegaci\u00f3n de los usuarios.\u2028\u2028<\/p>\n\n\n\n<p>Los usuarios pueden configurar los navegadores para que estos les avisen con una alerta de la existencia de \u201ccookies\u201d en los sitios web visitados, o para impedir directamente que las \u201ccookies\u201d puedan instalarse en sus discos duros.<\/p>\n\n\n\n<p><strong>2. Tipos de Cookies\u2028\u2028<\/strong><\/p>\n\n\n\n<p><strong>2.1: Cookies Propias &#8211; Cookies de terceros<\/strong><\/p>\n\n\n\n<p><strong>\u2028\u2028- Las cookies propias:<\/strong>&nbsp;Son las que son enviadas a su ordenador por la propia p\u00e1gina web. \u2028\u2028Un ejemplo habitual podr\u00eda ser una cookie que un portal env\u00eda a sus usuarios para saber sus preferencias sobre en qu\u00e9 idioma quieren leer sus contenidos. Cuando usted selecciona que quiere leer los contenidos en castellano dentro del portal este le enviar\u00e1 una cookie con sus preferencias. Desde ese momento siempre que tenga esa cookie instalada el portal le mostrar\u00e1 la informaci\u00f3n en el idioma que haya seleccionado previamente.\u2028\u2028<\/p>\n\n\n\n<p><strong>-Las cookies de terceros:<\/strong>&nbsp;Son las enviadas por otras webs.\u2028\u2028<\/p>\n\n\n\n<p><strong>3.- Tipos de cookies seg\u00fan el plazo que permanecen activas\u2028\u2028<\/strong><\/p>\n\n\n\n<p>Todas las cookies se guardan en su ordenador con un tiempo de caducidad. Si estas caducan cuando abandona la web hablamos de cookies de sesi\u00f3n, por el contrario si su caducidad dura m\u00e1s tiempo se denominan cookies persistentes.\u2028\u2028<\/p>\n\n\n\n<p>Un ejemplo de uso de una cookie de sesi\u00f3n se dar\u00eda cuando realiza una compra dentro de una web. Cuando selecciona un producto para comprarlo se le env\u00eda una cookie. Con esta cookie en su ordenador la web puede leerlo y reconocer que usted quiere ese producto y a\u00f1adirlo a su carrito de la compra. Sin esta cookie no podr\u00e1 diferenciarle del resto de sus visitantes. Una vez finalizado el proceso la cookie se borra de su ordenador.\u2028\u2028<\/p>\n\n\n\n<p>Un ejemplo de cookie persistente: Una tienda online que ve que usted est\u00e1 interesado en uno de sus productos podr\u00eda enviarle una cookie con esos datos \u00aba este visitante le interesa la cosm\u00e9tica coreana\u00bb y con esa cookie instalada mostrarle banners publicitarios en los d\u00edas siguientes con informaci\u00f3n sobre ese tipo de productos.<\/p>\n\n\n\n<p><strong>4.- Tipos de cookies seg\u00fan su finalidad\u2028\u2028<\/strong><\/p>\n\n\n\n<p>Seg\u00fan su finalidad podemos distinguir las siguientes cookies.\u2028\u2028<\/p>\n\n\n\n<p><strong>Cookies t\u00e9cnicas:<\/strong>&nbsp;generalmente enviadas por el propio sitio que le facilitan la navegaci\u00f3n por el portal. Un ejemplo podr\u00eda ser la red social Facebook. Cuando usted a\u00f1ade su usuario y contrase\u00f1a Facebook le env\u00eda una cookie para identificarlo del resto de sus visitantes y mostrar su informaci\u00f3n personal restringida al resto de usuarios.\u2028\u2028<\/p>\n\n\n\n<p><strong>Cookies de personalizaci\u00f3n:<\/strong>&nbsp;son las que guardan sus preferencias dentro del portal como puede ser su idioma.\u2028\u2028<\/p>\n\n\n\n<p><strong>Cookies de an\u00e1lisis:<\/strong>&nbsp;sirven para ver c\u00f3mo se comportan las visitas de una web dentro de ellas. Datos como que p\u00e1ginas ven, cuantos segundos est\u00e1n en cada una, etc.. Estas cookies son \u00fatiles para mejorar los servicios que da un portal en base a c\u00f3mo interact\u00faan los usuarios con \u00e9l.\u2028\u2028<\/p>\n\n\n\n<p><strong>Cookies publicitarias:<\/strong>&nbsp;se utilizan para personalizar la publicidad que un portal muestra a sus usuarios en base a los contenidos de la web y la frecuencia a la que se muestren los anuncios.\u2028\u2028<\/p>\n\n\n\n<p><strong>Cookies de publicidad comportamental:<\/strong>&nbsp;Estas cookies almacenan la informaci\u00f3n de los usuarios y su comportamiento para despu\u00e9s ofrecer en los espacios publicitarios disponibles informaci\u00f3n relevante para ellos.<\/p>\n\n\n\n<p><strong>5. Nuestras Cookies<\/strong><\/p>\n\n\n\n<p>www.skinthinks.com&nbsp;usa las siguientes cookies:<\/p>\n\n\n\n<p><strong>Cookies de sesi\u00f3n:<\/strong>&nbsp;permiten registrar las entradas de datos en el sitio Web. Por ejemplo cuando el usuario rellena un formulario.<\/p>\n\n\n\n<p><strong>Cookies de autenticaci\u00f3n de usuarios:<\/strong>&nbsp;Permiten identificarle como usuario registrado y permitirle la navegaci\u00f3n por los&nbsp; distintos contenidos del Sitio Web, unicamente mientras dure la sesi\u00f3n.<\/p>\n\n\n\n<p><strong>Cookies sociales:<\/strong>&nbsp;Utilizadas para relaciones con redes sociales externas (Twitter, Facebook, Google, Pinterest, etc.). Su funci\u00f3n es controlar la interacci\u00f3n con los widgets sociales dentro de las p\u00e1ginas. Este tipo de cookies se utilizan en dominios como facebook.com, twitter.com o google.com.<\/p>\n\n\n\n<p><strong>Cookies de an\u00e1lisis:<\/strong>&nbsp;Sirven para estudiar el comportamiento de los usuarios de forma an\u00f3nima al navegar por nuestra web. As\u00ed podremos conocer los contenidos m\u00e1s vistos, el n\u00famero de visitantes, etc. Una informaci\u00f3n que utilizaremos para mejorar la experiencia de navegaci\u00f3n y optimizar nuestros servicios. Pueden ser propias pero tambi\u00e9n de terceros. Entre \u00e9stas \u00faltimas se encuentran las cookies de Google Analytics.<\/p>\n","protected":false},"excerpt":{"rendered":"<p>1. \u00bfQue son las Cookies? Una \u201ccookie\u201d es un fichero de datos escrito en el disco duro del ordenador de un usuario por parte de un sitio web que lo identifica ante \u00e9ste y le permite recordarlo, personalizar sus preferencias o eliminar la necesidad de rellenar formularios o datos en futuras visitas. Tambi\u00e9n permite a [&hellip;]<\/p>\n","protected":false},"author":2,"featured_media":0,"parent":0,"menu_order":0,"comment_status":"closed","ping_status":"closed","template":"","meta":{"site-sidebar-layout":"default","site-content-layout":"","ast-site-content-layout":"default","site-content-style":"default","site-sidebar-style":"default","ast-global-header-display":"","ast-banner-title-visibility":"","ast-main-header-display":"","ast-hfb-above-header-display":"","ast-hfb-below-header-display":"","ast-hfb-mobile-header-display":"","site-post-title":"","ast-breadcrumbs-content":"","ast-featured-img":"","footer-sml-layout":"","ast-disable-related-posts":"","theme-transparent-header-meta":"","adv-header-id-meta":"","stick-header-meta":"","header-above-stick-meta":"","header-main-stick-meta":"","header-below-stick-meta":"","astra-migrate-meta-layouts":"default","ast-page-background-enabled":"default","ast-page-background-meta":{"desktop":{"background-color":"var(--ast-global-color-4)","background-image":"","background-repeat":"repeat","background-position":"center center","background-size":"auto","background-attachment":"scroll","background-type":"","background-media":"","overlay-type":"","overlay-color":"","overlay-opacity":"","overlay-gradient":""},"tablet":{"background-color":"","background-image":"","background-repeat":"repeat","background-position":"center center","background-size":"auto","background-attachment":"scroll","background-type":"","background-media":"","overlay-type":"","overlay-color":"","overlay-opacity":"","overlay-gradient":""},"mobile":{"background-color":"","background-image":"","background-repeat":"repeat","background-position":"center center","background-size":"auto","background-attachment":"scroll","background-type":"","background-media":"","overlay-type":"","overlay-color":"","overlay-opacity":"","overlay-gradient":""}},"ast-content-background-meta":{"desktop":{"background-color":"var(--ast-global-color-5)","background-image":"","background-repeat":"repeat","background-position":"center center","background-size":"auto","background-attachment":"scroll","background-type":"","background-media":"","overlay-type":"","overlay-color":"","overlay-opacity":"","overlay-gradient":""},"tablet":{"background-color":"var(--ast-global-color-5)","background-image":"","background-repeat":"repeat","background-position":"center center","background-size":"auto","background-attachment":"scroll","background-type":"","background-media":"","overlay-type":"","overlay-color":"","overlay-opacity":"","overlay-gradient":""},"mobile":{"background-color":"var(--ast-global-color-5)","background-image":"","background-repeat":"repeat","background-position":"center center","background-size":"auto","background-attachment":"scroll","background-type":"","background-media":"","overlay-type":"","overlay-color":"","overlay-opacity":"","overlay-gradient":""}},"footnotes":""},"class_list":["post-532","page","type-page","status-publish","hentry"],"_links":{"self":[{"href":"https:\/\/www.skinthinks.com\/blog\/wp-json\/wp\/v2\/pages\/532","targetHints":{"allow":["GET"]}}],"collection":[{"href":"https:\/\/www.skinthinks.com\/blog\/wp-json\/wp\/v2\/pages"}],"about":[{"href":"https:\/\/www.skinthinks.com\/blog\/wp-json\/wp\/v2\/types\/page"}],"author":[{"embeddable":true,"href":"https:\/\/www.skinthinks.com\/blog\/wp-json\/wp\/v2\/users\/2"}],"replies":[{"embeddable":true,"href":"https:\/\/www.skinthinks.com\/blog\/wp-json\/wp\/v2\/comments?post=532"}],"version-history":[{"count":1,"href":"https:\/\/www.skinthinks.com\/blog\/wp-json\/wp\/v2\/pages\/532\/revisions"}],"predecessor-version":[{"id":533,"href":"https:\/\/www.skinthinks.com\/blog\/wp-json\/wp\/v2\/pages\/532\/revisions\/533"}],"wp:attachment":[{"href":"https:\/\/www.skinthinks.com\/blog\/wp-json\/wp\/v2\/media?parent=532"}],"curies":[{"name":"wp","href":"https:\/\/api.w.org\/{rel}","templated":true}]}}